{"id":111,"date":"2019-09-08T14:38:38","date_gmt":"2019-09-08T17:38:38","guid":{"rendered":"http:\/\/eetn1.edu.ar\/?page_id=111"},"modified":"2019-09-08T14:38:38","modified_gmt":"2019-09-08T17:38:38","slug":"tecnicatura-en-electronica","status":"publish","type":"page","link":"https:\/\/eetn1.edu.ar\/?page_id=111","title":{"rendered":"Tecnicatura en Electr\u00f3nica"},"content":{"rendered":"\n<div class=\"wp-block-image\"><figure class=\"alignright\"><img loading=\"lazy\" decoding=\"async\" width=\"400\" height=\"252\" src=\"http:\/\/eetn1.edu.ar\/wp-content\/uploads\/2019\/09\/arduino-raspberry.png\" alt=\"\" class=\"wp-image-117\" srcset=\"https:\/\/eetn1.edu.ar\/wp-content\/uploads\/2019\/09\/arduino-raspberry.png 400w, https:\/\/eetn1.edu.ar\/wp-content\/uploads\/2019\/09\/arduino-raspberry-300x189.png 300w\" sizes=\"auto, (max-width: 400px) 100vw, 400px\" \/><figcaption>                                         Pr\u00e1cticas en sistemas embebidos <\/figcaption><\/figure><\/div>\n\n\n\n<p><strong>Descripci\u00f3n<\/strong><br><br>&nbsp;El T\u00e9cnico en Electr\u00f3nica tiene un amplio horizonte de empleabilidad. Podr\u00e1 desempe\u00f1arse en empresas de distinto tama\u00f1o,&nbsp; productoras de&nbsp;<strong><em>comodities<\/em>&nbsp;<\/strong>y productos diferenciados, con tecnolog\u00eda de punta, intermedia o elemental. Asimismo, podr\u00e1 realizar actividades vinculadas al equipamiento electr\u00f3nico y las instalaciones en sus distintos tipos ya sea para control y automatizaci\u00f3n.<\/p>\n\n\n\n<p>Podr\u00e1 desarrollar sus actividades en empresas industriales, en empresas contratistas que brindan servicios de proyecto, montaje o mantenimiento electr\u00f3nico de&nbsp; empresas industriales. Tambi\u00e9n estar\u00e1 preparado para generar y gestionar, aut\u00f3nomamente o con otros profesionales, emprendimientos productivos o de servicios en las \u00e1reas vinculadas a su competencia.<\/p>\n\n\n\n<p>Los requerimientos de mantenimiento del sector productivo refuerzan el compromiso entre la especificidad y la globalidad de la tarea del t\u00e9cnico. El grado de participaci\u00f3n en aspectos estrat\u00e9gicos estar\u00e1 en funci\u00f3n del nivel de complejidad de la tecnolog\u00eda incorporada a los equipos e instalaciones y del tama\u00f1o y las formas de organizaci\u00f3n de las empresas.<\/p>\n\n\n\n<p>Los sectores de suministro de servicios auxiliares dentro de las empresas, edificios e infraestructura urbana, as\u00ed como las empresas que proveen estos servicios en forma tercerizada, demandan la participaci\u00f3n del T\u00e9cnico en Electr\u00f3nica, que podr\u00e1 responsabilizarse de los equipos de control&nbsp; electr\u00f3nicos y de accionamiento de los sistemas de automatizaci\u00f3n&nbsp;<\/p>\n\n\n\n<p>Es importante destacar, que la comunidad del puerto de Mar del Plata, ha sufrido cambios importantes en los \u00faltimos a\u00f1os, debido a la gran reactivaci\u00f3n del sector pesquero, encontrando un crecimiento muy grande de las empresas ya existentes como as\u00ed tambi\u00e9n la radicaci\u00f3n e empresas nuevas.<br>Esto trajo&nbsp; consigo la creaci\u00f3n constante de fuentes de trabajo. En la actualidad, la comunidad portuaria de nuestra ciudad, ha&nbsp; mostrando un crecimiento constante que se ve reflejado tanto en la actividad comercial como en la actividad industrial.&nbsp;&nbsp;Debido a esto, los t\u00e9cnicos egresados de nuestra instituci\u00f3n, disponen de un amplio campo laboral, tanto en la industria local como regional, motivo por el cual debemos dar respuestas a las necesidades y requerimientos de la industria, que demanda de los egresados personal capacitado en \u00e1reas de mantenimiento electromec\u00e1nico (automatizaci\u00f3n, neum\u00e1tica, instalaciones y reparaciones) y en el \u00e1rea de producci\u00f3n, personal calificado para trabajar con el nuevo equipamiento que se viene incorporando en dichas empresas del sector.<\/p>\n\n\n\n<div class=\"wp-block-image\"><figure class=\"aligncenter is-resized\"><img loading=\"lazy\" decoding=\"async\" src=\"http:\/\/eetn1.edu.ar\/wp-content\/uploads\/2019\/09\/robotino.png\" alt=\"Rob\u00f3tica educativa \" class=\"wp-image-119\" width=\"473\" height=\"275\" srcset=\"https:\/\/eetn1.edu.ar\/wp-content\/uploads\/2019\/09\/robotino.png 868w, https:\/\/eetn1.edu.ar\/wp-content\/uploads\/2019\/09\/robotino-300x175.png 300w\" sizes=\"auto, (max-width: 473px) 100vw, 473px\" \/><figcaption>                                       Rob\u00f3tica educativa <\/figcaption><\/figure><\/div>\n\n\n\n<p><strong><em>Orientaci\u00f3n<\/em><\/strong><br><br>&#8211; Pr\u00e1cticas Profesionalizantes en el 7\u00ba a\u00f1o.<br>&#8211; Elementos de electr\u00f3nica industrial.<br>&#8211; Antenas terrestres y satelitales.<br>&#8211; Instrumentos electr\u00f3nicos (electromedicina, metereolog\u00eda y mec\u00e1nica).<br>&#8211; Equipos y redes de inform\u00e1tica.<br>&#8211; Talleres de reparaci\u00f3n y mantenimiento de equipos de tv, video, audio, radio y telefon\u00eda.<br>&#8211; Laboratorio de Electr\u00f3nica.<br>&#8211; Infraestructura urbana, edificios y domicilios.<br>&#8211; Automatizaci\u00f3n Instrumentaci\u00f3n y Sistemas de control.<\/p>\n\n\n\n<p><\/p>\n","protected":false},"excerpt":{"rendered":"<p>Descripci\u00f3n &nbsp;El T\u00e9cnico en Electr\u00f3nica tiene un amplio horizonte de empleabilidad. Podr\u00e1 desempe\u00f1arse en empresas de distinto tama\u00f1o,&nbsp; productoras de&nbsp;comodities&nbsp;y productos diferenciados, con tecnolog\u00eda de punta, intermedia o elemental. Asimismo, podr\u00e1 realizar actividades vinculadas al equipamiento electr\u00f3nico y las instalaciones en sus distintos tipos ya sea para control y automatizaci\u00f3n. Podr\u00e1 desarrollar sus actividades en &hellip; <\/p>\n<p class=\"link-more\"><a href=\"https:\/\/eetn1.edu.ar\/?page_id=111\" class=\"more-link\">Continuar leyendo<span class=\"screen-reader-text\"> \u00abTecnicatura en Electr\u00f3nica\u00bb<\/span><\/a><\/p>\n","protected":false},"author":1,"featured_media":0,"parent":73,"menu_order":1,"comment_status":"closed","ping_status":"closed","template":"","meta":{"om_disable_all_campaigns":false,"_monsterinsights_skip_tracking":false,"_monsterinsights_sitenote_active":false,"_monsterinsights_sitenote_note":"","_monsterinsights_sitenote_category":0,"footnotes":""},"class_list":["post-111","page","type-page","status-publish","hentry"],"aioseo_notices":[],"jetpack_sharing_enabled":true,"_links":{"self":[{"href":"https:\/\/eetn1.edu.ar\/index.php?rest_route=\/wp\/v2\/pages\/111","targetHints":{"allow":["GET"]}}],"collection":[{"href":"https:\/\/eetn1.edu.ar\/index.php?rest_route=\/wp\/v2\/pages"}],"about":[{"href":"https:\/\/eetn1.edu.ar\/index.php?rest_route=\/wp\/v2\/types\/page"}],"author":[{"embeddable":true,"href":"https:\/\/eetn1.edu.ar\/index.php?rest_route=\/wp\/v2\/users\/1"}],"replies":[{"embeddable":true,"href":"https:\/\/eetn1.edu.ar\/index.php?rest_route=%2Fwp%2Fv2%2Fcomments&post=111"}],"version-history":[{"count":8,"href":"https:\/\/eetn1.edu.ar\/index.php?rest_route=\/wp\/v2\/pages\/111\/revisions"}],"predecessor-version":[{"id":136,"href":"https:\/\/eetn1.edu.ar\/index.php?rest_route=\/wp\/v2\/pages\/111\/revisions\/136"}],"up":[{"embeddable":true,"href":"https:\/\/eetn1.edu.ar\/index.php?rest_route=\/wp\/v2\/pages\/73"}],"wp:attachment":[{"href":"https:\/\/eetn1.edu.ar\/index.php?rest_route=%2Fwp%2Fv2%2Fmedia&parent=111"}],"curies":[{"name":"wp","href":"https:\/\/api.w.org\/{rel}","templated":true}]}}