{"id":115,"date":"2019-09-09T11:45:18","date_gmt":"2019-09-09T14:45:18","guid":{"rendered":"http:\/\/eetn1.edu.ar\/?page_id=115"},"modified":"2019-09-09T11:45:18","modified_gmt":"2019-09-09T14:45:18","slug":"tecnicatura-en-multimedios","status":"publish","type":"page","link":"https:\/\/eetn1.edu.ar\/?page_id=115","title":{"rendered":"Tecnicatura en Multimedios"},"content":{"rendered":"\n<p><strong>Descripci\u00f3n<\/strong><br><\/p>\n\n\n\n<p>Las transformaciones producidas en las tecnolog\u00edas de la informaci\u00f3n y la comunicaci\u00f3n alteran la organizaci\u00f3n del \u00e1rea ocupacional y conviven con nuestro mundo cotidiano. Las actuales tecnolog\u00edas de producci\u00f3n, reproducci\u00f3n y transmisi\u00f3n de la informaci\u00f3n permiten la integraci\u00f3n de texto, imagen y sonido en nuevas formas de organizaci\u00f3n que suponen mediaciones t\u00e9cnicas, sem\u00e1nticas y est\u00e9ticas cada vez m\u00e1s complejas.&nbsp;<strong>Las nuevas&nbsp;formas de comunicar implican, por otra parte, nuevos modos de planificar, gestionar y comercializar los productos comunicacionales<\/strong>, en un mercado que excede las fronteras nacionales para plantearse como una actividad globalizada.<\/p>\n\n\n\n<div class=\"wp-block-image\"><figure class=\"aligncenter\"><img loading=\"lazy\" decoding=\"async\" width=\"650\" height=\"250\" src=\"http:\/\/eetn1.edu.ar\/wp-content\/uploads\/2019\/09\/multimedios.jpg\" alt=\"\" class=\"wp-image-137\" srcset=\"https:\/\/eetn1.edu.ar\/wp-content\/uploads\/2019\/09\/multimedios.jpg 650w, https:\/\/eetn1.edu.ar\/wp-content\/uploads\/2019\/09\/multimedios-300x115.jpg 300w\" sizes=\"auto, (max-width: 650px) 100vw, 650px\" \/><figcaption>                                                                                   Producciones Multimediales<\/figcaption><\/figure><\/div>\n\n\n\n<p><br>Quien se reciba de T\u00e9cnico desarrollar\u00e1 competencias para realizar actividades de producci\u00f3n de multimedios e hipermedios y tambi\u00e9n para desenvolverse en \u00e1reas espec\u00edficas de producci\u00f3n asociadas a ellos (por ejemplo: dise\u00f1o gr\u00e1fico, s\u00edntesis de imagen, animaci\u00f3n por computadora, radio, video televisi\u00f3n, grabaci\u00f3n de m\u00fasica). Estar\u00e1 capacitado adem\u00e1s para gestionar sus actividades y comercializar la producci\u00f3n.<br>La formaci\u00f3n del T\u00e9cnico en Comunicaci\u00f3n Multimedial incluye aspectos art\u00edsticos, tecnol\u00f3gicos y de gesti\u00f3n relacionados con la integraci\u00f3n de texto, sonido e imagen en distintos contextos, y utilizando diversos medios. Las capacidades que desarrolla lo preparan para insertarse en un amplio y complejo espacio de empleabilidad, sujeto a una din\u00e1mica de r\u00e1pida expansi\u00f3n y transformaci\u00f3n, cuyos rasgos reci\u00e9n comienzan a vislumbrarse.<\/p>\n\n\n\n<p>El trabajo interdisciplinario como punto de partida<\/p>\n\n\n\n<p>En el proceso de aprendizaje en Multimedios las y los profesores trabajamos de manera interdisciplinaria, enfocando nuestro hacer en lograr productos concretos como revistas, p\u00e1ginas web, programas de radio, fotograf\u00eda y productos audiovisuales. Somos comunicadores, periodistas, dise\u00f1adores gr\u00e1ficos e industriales, profesores de m\u00fasica, ingenieros y administradores de empresas que apostamos al trabajo en equipo para que cada uno y cada una, desde su saber pueda aportar a la construcci\u00f3n colectiva de un nuevo conocimiento, adecuado al mundo de hoy.<br>Esta orientaci\u00f3n no podr\u00eda pensarse de otra manera que mediante el trabajo en equipo, y basando las distintas producciones en un an\u00e1lisis exhaustivo de los medios de comunicaci\u00f3n con los que vivimos cotidianamente.<br>Este pasaje de los alumnos desde el consumo en medios hacia la producci\u00f3n nos ha dado resultados sorprendentes que anticipan un nuevo mundo laboral&nbsp;&nbsp;caracterizado por el trabajo interdisciplinario.<\/p>\n\n\n\n<p><strong><br><em>Orientaci\u00f3n<\/em><\/strong><br><br>&#8211; Pr\u00e1ctica Profesionalizante&nbsp; en 7\u00ba a\u00f1o.<br>&#8211; Capacitaci\u00f3n en el manejo de la imagen y el sonido.<br>&#8211; Contacto del alumno con herramientas inform\u00e1ticas para el dise\u00f1o tridimensional.<br>&#8211; Animaci\u00f3n digital en 2 y 3 dimensiones.<br>&#8211; Dise\u00f1o gr\u00e1fico aplicado a diversos proyectos multimediales.<br>&#8211; Dise\u00f1o de sitios web.<br>&#8211; Programaci\u00f3n de sitios web.<br>&#8211; Producci\u00f3n de proyectos de audio y video digital.<br>&#8211; Doble escolaridad.<\/p>\n\n\n\n<figure class=\"wp-block-image\"><img loading=\"lazy\" decoding=\"async\" width=\"300\" height=\"391\" src=\"http:\/\/eetn1.edu.ar\/wp-content\/uploads\/2019\/09\/multimedia.png\" alt=\"\" class=\"wp-image-139\" srcset=\"https:\/\/eetn1.edu.ar\/wp-content\/uploads\/2019\/09\/multimedia.png 300w, https:\/\/eetn1.edu.ar\/wp-content\/uploads\/2019\/09\/multimedia-230x300.png 230w\" sizes=\"auto, (max-width: 300px) 100vw, 300px\" \/><figcaption>Contamos con vos&#8230;<\/figcaption><\/figure>\n","protected":false},"excerpt":{"rendered":"<p>Descripci\u00f3n Las transformaciones producidas en las tecnolog\u00edas de la informaci\u00f3n y la comunicaci\u00f3n alteran la organizaci\u00f3n del \u00e1rea ocupacional y conviven con nuestro mundo cotidiano. Las actuales tecnolog\u00edas de producci\u00f3n, reproducci\u00f3n y transmisi\u00f3n de la informaci\u00f3n permiten la integraci\u00f3n de texto, imagen y sonido en nuevas formas de organizaci\u00f3n que suponen mediaciones t\u00e9cnicas, sem\u00e1nticas y &hellip; <\/p>\n<p class=\"link-more\"><a href=\"https:\/\/eetn1.edu.ar\/?page_id=115\" class=\"more-link\">Continuar leyendo<span class=\"screen-reader-text\"> \u00abTecnicatura en Multimedios\u00bb<\/span><\/a><\/p>\n","protected":false},"author":1,"featured_media":0,"parent":0,"menu_order":0,"comment_status":"closed","ping_status":"closed","template":"","meta":{"om_disable_all_campaigns":false,"_monsterinsights_skip_tracking":false,"_monsterinsights_sitenote_active":false,"_monsterinsights_sitenote_note":"","_monsterinsights_sitenote_category":0,"footnotes":""},"class_list":["post-115","page","type-page","status-publish","hentry"],"aioseo_notices":[],"jetpack_sharing_enabled":true,"_links":{"self":[{"href":"https:\/\/eetn1.edu.ar\/index.php?rest_route=\/wp\/v2\/pages\/115","targetHints":{"allow":["GET"]}}],"collection":[{"href":"https:\/\/eetn1.edu.ar\/index.php?rest_route=\/wp\/v2\/pages"}],"about":[{"href":"https:\/\/eetn1.edu.ar\/index.php?rest_route=\/wp\/v2\/types\/page"}],"author":[{"embeddable":true,"href":"https:\/\/eetn1.edu.ar\/index.php?rest_route=\/wp\/v2\/users\/1"}],"replies":[{"embeddable":true,"href":"https:\/\/eetn1.edu.ar\/index.php?rest_route=%2Fwp%2Fv2%2Fcomments&post=115"}],"version-history":[{"count":3,"href":"https:\/\/eetn1.edu.ar\/index.php?rest_route=\/wp\/v2\/pages\/115\/revisions"}],"predecessor-version":[{"id":140,"href":"https:\/\/eetn1.edu.ar\/index.php?rest_route=\/wp\/v2\/pages\/115\/revisions\/140"}],"wp:attachment":[{"href":"https:\/\/eetn1.edu.ar\/index.php?rest_route=%2Fwp%2Fv2%2Fmedia&parent=115"}],"curies":[{"name":"wp","href":"https:\/\/api.w.org\/{rel}","templated":true}]}}