{"id":623,"date":"2020-04-19T20:09:10","date_gmt":"2020-04-19T23:09:10","guid":{"rendered":"http:\/\/eetn1.edu.ar\/?page_id=623"},"modified":"2022-05-10T10:58:49","modified_gmt":"2022-05-10T13:58:49","slug":"comision-evaluadora-mayo","status":"publish","type":"page","link":"https:\/\/eetn1.edu.ar\/?page_id=623","title":{"rendered":"Comisi\u00f3n Evaluadora (Mayo)"},"content":{"rendered":"\n<p>Inscripci\u00f3n a comisiones evaluadoras de MAYO 2022 para materias completa nivel, completa curso y equivalencias-previas hasta 2019 y previas de egresados 2021. ATENCI\u00d3N PARA VALIDAR LA INSCRIPCI\u00d3N EL INTERESADO DEBER\u00c1 ASISTIR PRESENCIALMENTE A LA ESCUELA CON EL COMPROBANTE DE INSCRIPCI\u00d3N IMPRESO (RECIBIDO EN EL EMAIL DECLARADO) LOS D\u00cdAS LUNES DE 13:30 A 16:30 O DE MARTES A VIERNES ENTRE LAS 18 Y 21HS Y PREGUNTAR POR EL SR. VICEDIRECTOR DIEGO BLANCO PLAZO DEL TRAMITE LUNES 16 DE MAYO INCLUSIVE.<\/p>\n\n\n\n<p><a href=\"https:\/\/forms.gle\/bAiT5QqA833sAWcH9\">https:\/\/forms.gle\/bAiT5QqA833sAWcH9<\/a><\/p>\n\n\n\n<pre class=\"wp-block-code\"><code><\/code><\/pre>\n\n\n\n<p><\/p>\n","protected":false},"excerpt":{"rendered":"<p>Inscripci\u00f3n a comisiones evaluadoras de MAYO 2022 para materias completa nivel, completa curso y equivalencias-previas hasta 2019 y previas de egresados 2021. ATENCI\u00d3N PARA VALIDAR LA INSCRIPCI\u00d3N EL INTERESADO DEBER\u00c1 ASISTIR PRESENCIALMENTE A LA ESCUELA CON EL COMPROBANTE DE INSCRIPCI\u00d3N IMPRESO (RECIBIDO EN EL EMAIL DECLARADO) LOS D\u00cdAS LUNES DE 13:30 A 16:30 O DE &hellip; <\/p>\n<p class=\"link-more\"><a href=\"https:\/\/eetn1.edu.ar\/?page_id=623\" class=\"more-link\">Continuar leyendo<span class=\"screen-reader-text\"> \u00abComisi\u00f3n Evaluadora (Mayo)\u00bb<\/span><\/a><\/p>\n","protected":false},"author":1,"featured_media":0,"parent":0,"menu_order":0,"comment_status":"closed","ping_status":"closed","template":"","meta":{"om_disable_all_campaigns":false,"_monsterinsights_skip_tracking":false,"_monsterinsights_sitenote_active":false,"_monsterinsights_sitenote_note":"","_monsterinsights_sitenote_category":0,"footnotes":""},"class_list":["post-623","page","type-page","status-publish","hentry"],"aioseo_notices":[],"jetpack_sharing_enabled":true,"_links":{"self":[{"href":"https:\/\/eetn1.edu.ar\/index.php?rest_route=\/wp\/v2\/pages\/623","targetHints":{"allow":["GET"]}}],"collection":[{"href":"https:\/\/eetn1.edu.ar\/index.php?rest_route=\/wp\/v2\/pages"}],"about":[{"href":"https:\/\/eetn1.edu.ar\/index.php?rest_route=\/wp\/v2\/types\/page"}],"author":[{"embeddable":true,"href":"https:\/\/eetn1.edu.ar\/index.php?rest_route=\/wp\/v2\/users\/1"}],"replies":[{"embeddable":true,"href":"https:\/\/eetn1.edu.ar\/index.php?rest_route=%2Fwp%2Fv2%2Fcomments&post=623"}],"version-history":[{"count":8,"href":"https:\/\/eetn1.edu.ar\/index.php?rest_route=\/wp\/v2\/pages\/623\/revisions"}],"predecessor-version":[{"id":1292,"href":"https:\/\/eetn1.edu.ar\/index.php?rest_route=\/wp\/v2\/pages\/623\/revisions\/1292"}],"wp:attachment":[{"href":"https:\/\/eetn1.edu.ar\/index.php?rest_route=%2Fwp%2Fv2%2Fmedia&parent=623"}],"curies":[{"name":"wp","href":"https:\/\/api.w.org\/{rel}","templated":true}]}}