{"id":69,"date":"2019-09-07T14:07:59","date_gmt":"2019-09-07T17:07:59","guid":{"rendered":"http:\/\/eetn1.edu.ar\/?page_id=69"},"modified":"2023-09-18T16:51:50","modified_gmt":"2023-09-18T19:51:50","slug":"origenes-de-la-e-e-s-t-n-1","status":"publish","type":"page","link":"https:\/\/eetn1.edu.ar\/?page_id=69","title":{"rendered":"Or\u00edgenes"},"content":{"rendered":"\n<p><strong>Or\u00edgenes de la Escuela de Educaci\u00f3n Secundaria T\u00e9cnica N\u00ba 1  \u00abCte. Luis Piedrabuena\u00bb de Mar del Plata<\/strong><\/p>\n\n\n<div class=\"wp-block-image\">\n<figure class=\"aligncenter is-resized\"><img loading=\"lazy\" decoding=\"async\" src=\"http:\/\/eetn1.edu.ar\/wp-content\/uploads\/2019\/09\/esc2.jpg\" alt=\"12 de Octubre y Acha antes del edificio \" class=\"wp-image-157\" width=\"480\" height=\"375\" srcset=\"https:\/\/eetn1.edu.ar\/wp-content\/uploads\/2019\/09\/esc2.jpg 960w, https:\/\/eetn1.edu.ar\/wp-content\/uploads\/2019\/09\/esc2-300x234.jpg 300w, https:\/\/eetn1.edu.ar\/wp-content\/uploads\/2019\/09\/esc2-768x600.jpg 768w\" sizes=\"auto, (max-width: 480px) 100vw, 480px\" \/><figcaption class=\"wp-element-caption\">                                          Esquina Acha y 12 de Octubre<\/figcaption><\/figure>\n<\/div>\n\n\n<p><strong>Rese\u00f1a hist\u00f3rica<\/strong><br>La Escuela de Educaci\u00f3n Secundaria T\u00e9cnica N\u00b01 de Mar del Plata inicia sus actividades en el a\u00f1o 1962 como una rama del Instituto Tecnol\u00f3gico Pesquero llamada en sus comienzos, Escuela T\u00e9cnica Industrial Pesquera, en 1968 pasa a de nominarse  Escuela T\u00e9cnica Industrial N\u00ba 1.<br>En el a\u00f1o 1978 se fusiona la Escuela T\u00e9cnica con la Escuela de Comercio y se forma la Escuela de Educaci\u00f3n Media y&nbsp; T\u00e9cnica N\u00ba 3 que funciona hasta el a\u00f1o 1986, all\u00ed se separan nuevamente y se forma&nbsp; Escuela de Educaci\u00f3n T\u00e9cnica N\u00ba 1 de Mar del Plata. El 25 de abril de 2008 la escuela pasa a tener registrado el dominio eetn1.edu.ar siendo la primera escuela t\u00e9cnica de la ciudad en contar con un dominio ARIU.  En 2010 cambia nuevamente de denominaci\u00f3n y pasa a llamarse Escuela de Educaci\u00f3n Secundaria T\u00e9cnica N \u00ba 1.<\/p>\n\n\n\n<p>El&nbsp; edificio fue inaugurado en el a\u00f1o 1967, y fue construido con un consorcio formado entre padres y vecinos de la zona Puerto.<\/p>\n\n\n\n<figure class=\"wp-block-image is-resized\"><img loading=\"lazy\" decoding=\"async\" src=\"http:\/\/eetn1.edu.ar\/wp-content\/uploads\/2019\/09\/esc.jpg\" alt=\"\" class=\"wp-image-156\" width=\"233\" height=\"373\" srcset=\"https:\/\/eetn1.edu.ar\/wp-content\/uploads\/2019\/09\/esc.jpg 310w, https:\/\/eetn1.edu.ar\/wp-content\/uploads\/2019\/09\/esc-187x300.jpg 187w\" sizes=\"auto, (max-width: 233px) 100vw, 233px\" \/><figcaption class=\"wp-element-caption\">Obra en construcci\u00f3n<\/figcaption><\/figure>\n\n\n\n<p>Hasta la fecha estos han sido nuestro respectivos Directores:<\/p>\n\n\n\n<p><strong>1962-1965&nbsp;INGENIERO CARLOS MUNAFF\u00d3<\/strong><\/p>\n\n\n\n<p><strong>1966&nbsp;CAPIT\u00c1N DANIEL PATRUCCI<\/strong><\/p>\n\n\n\n<p><strong>1967-1968&nbsp;TENIENTE DE NAVIO JORGE A. MORALES<\/strong><\/p>\n\n\n\n<p><strong>1969-1970&nbsp;PROFESOR DANTE RAUL AG\u00dcERO<\/strong><\/p>\n\n\n\n<p><strong>1971-1977&nbsp;INGENIERO RAUL BARTOLOM\u00c9 GORDON<\/strong><\/p>\n\n\n\n<p><strong>1977-1978&nbsp;<\/strong><strong>PROFESOR JUAN MAJLING<\/strong><\/p>\n\n\n\n<p><strong>1979-1983&nbsp;PROFESORA GLORIA PEREIRA<\/strong><\/p>\n\n\n\n<p><strong>1984-1986&nbsp;PROFESORA NELIDA ALICIA VOLPE<\/strong><\/p>\n\n\n\n<p><strong>1987&nbsp;PROFESOR NORBERTO CONTI<\/strong><\/p>\n\n\n\n<p><strong>1988&nbsp;PROFESOR JOSE LUIS LOPEZ MERAYO<\/strong><\/p>\n\n\n\n<p><strong>1989&nbsp;INGENIERO DANIEL BRAGHETTE<\/strong><\/p>\n\n\n\n<p><strong>1990-1991&nbsp;INGENIERO NORBERTO SCANDALI<\/strong><\/p>\n\n\n\n<p><strong>1992-1994&nbsp;PROFESOR JOSE LUIS LOPEZ MERAYO<\/strong><\/p>\n\n\n\n<p><strong>1995-2004&nbsp;INGENIERO NORBERTO SCANDALI<\/strong><\/p>\n\n\n\n<p><strong>2005-2018 <\/strong>  <strong>PROFESOR&nbsp; JOSE LUIS LOPEZ MERAYO<\/strong> <\/p>\n\n\n\n<p><strong>2018-2022\u00a0INGENIERO\u00a0 DANIEL BRAGHETTE<\/strong><\/p>\n\n\n\n<p><strong>2022 -2023 PROFESORA MARIA IN\u00c8S RUIZ<\/strong><\/p>\n\n\n\n<p><strong>2023 &#8211; PROFESORA Y ARQUITECTA LORENA THESZ<\/strong><\/p>\n\n\n\n<p><strong>2023 &#8211; HASTA LA ACTUALIDAD PROFESOR CARLOS VARAS <\/strong><\/p>\n\n\n\n<p><strong>Proyecto Educativo<\/strong><br>En la actualidad, nuestro proyecto\u00a0 apunta a volver a las fuentes, a esas primeras ideas que enfocaban la salida laboral hacia la especializaci\u00f3n con la zona circundante de la pesca y la Industria Naval .-Para ello se han firmado convenios con la C\u00e1mara de la Industria Naval , el Sindicato de Obreros Navales, y con las mas importantes industrias ,hoteles y Comercios de Mar del Plata.<br>La escuela se encuentra en un plan de reequipamiento y modernizaci\u00f3n que permitir\u00e1 ponerla en valor con las mas modernas tecnolog\u00edas y se han ubicado los alumnos del \u00faltimo a\u00f1o de la carrera ,en Pr\u00e1cticas Profesionalizantes\u00a0 en Industrias, talleres, y fuerzas del trabajo de la zona.<\/p>\n\n\n\n<p><strong>Misi\u00f3n de la escuela<\/strong><br>Hacemos participes &nbsp;a toda la comunidad educativa , directivos,&nbsp; profesores, docentes, padres, alumnos y fuerzas vivas en general para&nbsp; compartir &nbsp;a este proyecto&nbsp; y&nbsp; ejercer una participaci\u00f3n activa para lograr en nuestro alumnos , cambios de conducta&nbsp; intencionales y significativos que puedan perfeccionar a estos como seres&nbsp; humanos&nbsp; \u00fanicos&nbsp; e irrepetibles, y que a su vez, adem\u00e1s de ser buenas personas , \u00e9ticos y solidarios,&nbsp; puedan ser exitosos en la vida al llegar a&nbsp; ocupaciones \u00fatiles para ellos&nbsp; y la sociedad.<\/p>\n\n\n\n<p><\/p>\n","protected":false},"excerpt":{"rendered":"<p>Or\u00edgenes de la Escuela de Educaci\u00f3n Secundaria T\u00e9cnica N\u00ba 1 \u00abCte. Luis Piedrabuena\u00bb de Mar del Plata Rese\u00f1a hist\u00f3ricaLa Escuela de Educaci\u00f3n Secundaria T\u00e9cnica N\u00b01 de Mar del Plata inicia sus actividades en el a\u00f1o 1962 como una rama del Instituto Tecnol\u00f3gico Pesquero llamada en sus comienzos, Escuela T\u00e9cnica Industrial Pesquera, en 1968 pasa a &hellip; <\/p>\n<p class=\"link-more\"><a href=\"https:\/\/eetn1.edu.ar\/?page_id=69\" class=\"more-link\">Continuar leyendo<span class=\"screen-reader-text\"> \u00abOr\u00edgenes\u00bb<\/span><\/a><\/p>\n","protected":false},"author":1,"featured_media":0,"parent":0,"menu_order":0,"comment_status":"closed","ping_status":"closed","template":"","meta":{"om_disable_all_campaigns":false,"_monsterinsights_skip_tracking":false,"_monsterinsights_sitenote_active":false,"_monsterinsights_sitenote_note":"","_monsterinsights_sitenote_category":0,"footnotes":""},"class_list":["post-69","page","type-page","status-publish","hentry"],"aioseo_notices":[],"jetpack_sharing_enabled":true,"_links":{"self":[{"href":"https:\/\/eetn1.edu.ar\/index.php?rest_route=\/wp\/v2\/pages\/69","targetHints":{"allow":["GET"]}}],"collection":[{"href":"https:\/\/eetn1.edu.ar\/index.php?rest_route=\/wp\/v2\/pages"}],"about":[{"href":"https:\/\/eetn1.edu.ar\/index.php?rest_route=\/wp\/v2\/types\/page"}],"author":[{"embeddable":true,"href":"https:\/\/eetn1.edu.ar\/index.php?rest_route=\/wp\/v2\/users\/1"}],"replies":[{"embeddable":true,"href":"https:\/\/eetn1.edu.ar\/index.php?rest_route=%2Fwp%2Fv2%2Fcomments&post=69"}],"version-history":[{"count":14,"href":"https:\/\/eetn1.edu.ar\/index.php?rest_route=\/wp\/v2\/pages\/69\/revisions"}],"predecessor-version":[{"id":1846,"href":"https:\/\/eetn1.edu.ar\/index.php?rest_route=\/wp\/v2\/pages\/69\/revisions\/1846"}],"wp:attachment":[{"href":"https:\/\/eetn1.edu.ar\/index.php?rest_route=%2Fwp%2Fv2%2Fmedia&parent=69"}],"curies":[{"name":"wp","href":"https:\/\/api.w.org\/{rel}","templated":true}]}}