{"id":768,"date":"2020-08-23T15:39:06","date_gmt":"2020-08-23T18:39:06","guid":{"rendered":"http:\/\/eetn1.edu.ar\/?page_id=768"},"modified":"2020-12-22T17:09:23","modified_gmt":"2020-12-22T20:09:23","slug":"ingreso-2021","status":"publish","type":"page","link":"https:\/\/eetn1.edu.ar\/?page_id=768","title":{"rendered":"REGISTRO DE ASPIRANTES  A PRIMER A\u00d1O2021"},"content":{"rendered":"\n<p>A PARTIR DEL 23 DE DICIEMBRE DE 2020 SOLO SE TOMAN REGISTROS DE ALUMNOS EN LISTA DE ESPERA PARA EL INGRESO A 1ER A\u00d1O, DADO QUE EL PER\u00cdODO DE INSCRIPCI\u00d3N Y CONFECCI\u00d3N DE N\u00d3MINA DE ASPIRANTES CULMIN\u00d3 EL MARTES 22\/12 SEG\u00daN LO ESTABLECIDO POR EL NIVEL CENTRAL.<\/p>\n\n\n\n<p>En caso no poder completar desde la web ingrese directo al formulario por <a href=\"https:\/\/forms.gle\/x94CF6SDAN5PR4az5\">aqu\u00ed<\/a><\/p>\n\n\n\n<iframe loading=\"lazy\" src=\"https:\/\/docs.google.com\/forms\/d\/e\/1FAIpQLSfYZDy5EovjNdLqzLA7XJOVY9AUGhG4_1WPvAQQydlAmWEDyA\/viewform?embedded=true\" width=\"640\" height=\"3324\" frameborder=\"0\" marginheight=\"0\" marginwidth=\"0\">Cargando\u2026<\/iframe>\n\n\n\n<p><\/p>\n","protected":false},"excerpt":{"rendered":"<p>A PARTIR DEL 23 DE DICIEMBRE DE 2020 SOLO SE TOMAN REGISTROS DE ALUMNOS EN LISTA DE ESPERA PARA EL INGRESO A 1ER A\u00d1O, DADO QUE EL PER\u00cdODO DE INSCRIPCI\u00d3N Y CONFECCI\u00d3N DE N\u00d3MINA DE ASPIRANTES CULMIN\u00d3 EL MARTES 22\/12 SEG\u00daN LO ESTABLECIDO POR EL NIVEL CENTRAL. En caso no poder completar desde la web &hellip; <\/p>\n<p class=\"link-more\"><a href=\"https:\/\/eetn1.edu.ar\/?page_id=768\" class=\"more-link\">Continuar leyendo<span class=\"screen-reader-text\"> \u00abREGISTRO DE ASPIRANTES  A PRIMER A\u00d1O2021\u00bb<\/span><\/a><\/p>\n","protected":false},"author":1,"featured_media":0,"parent":0,"menu_order":0,"comment_status":"closed","ping_status":"closed","template":"","meta":{"om_disable_all_campaigns":false,"_monsterinsights_skip_tracking":false,"_monsterinsights_sitenote_active":false,"_monsterinsights_sitenote_note":"","_monsterinsights_sitenote_category":0,"footnotes":""},"class_list":["post-768","page","type-page","status-publish","hentry"],"aioseo_notices":[],"jetpack_sharing_enabled":true,"_links":{"self":[{"href":"https:\/\/eetn1.edu.ar\/index.php?rest_route=\/wp\/v2\/pages\/768","targetHints":{"allow":["GET"]}}],"collection":[{"href":"https:\/\/eetn1.edu.ar\/index.php?rest_route=\/wp\/v2\/pages"}],"about":[{"href":"https:\/\/eetn1.edu.ar\/index.php?rest_route=\/wp\/v2\/types\/page"}],"author":[{"embeddable":true,"href":"https:\/\/eetn1.edu.ar\/index.php?rest_route=\/wp\/v2\/users\/1"}],"replies":[{"embeddable":true,"href":"https:\/\/eetn1.edu.ar\/index.php?rest_route=%2Fwp%2Fv2%2Fcomments&post=768"}],"version-history":[{"count":5,"href":"https:\/\/eetn1.edu.ar\/index.php?rest_route=\/wp\/v2\/pages\/768\/revisions"}],"predecessor-version":[{"id":907,"href":"https:\/\/eetn1.edu.ar\/index.php?rest_route=\/wp\/v2\/pages\/768\/revisions\/907"}],"wp:attachment":[{"href":"https:\/\/eetn1.edu.ar\/index.php?rest_route=%2Fwp%2Fv2%2Fmedia&parent=768"}],"curies":[{"name":"wp","href":"https:\/\/api.w.org\/{rel}","templated":true}]}}