{"id":782,"date":"2020-09-02T13:10:14","date_gmt":"2020-09-02T16:10:14","guid":{"rendered":"http:\/\/eetn1.edu.ar\/?page_id=782"},"modified":"2020-09-02T15:37:05","modified_gmt":"2020-09-02T18:37:05","slug":"comisiones-evaluadoras-septiembre","status":"publish","type":"page","link":"https:\/\/eetn1.edu.ar\/?page_id=782","title":{"rendered":"Comisiones Evaluadoras (Septiembre)"},"content":{"rendered":"\n<p>Se informa que desde el mi\u00e9rcoles 2 de septiembre al lunes 7 de septiembre de 2020 se encuentra abierta la Inscripci\u00f3n a Comisiones Evaluadoras de estudiantes que hayan cursado la totalidad del nivel y adeuden materias.<br>Se prev\u00e9 la posibilidad de tomar las mismas en formato virtual para lo cual el interesado deber\u00e1 contar con conectividad en el d\u00eda y el horario fijado para la evaluaci\u00f3n que se realizaran entre el mi\u00e9rcoles 23 al lunes 28 de septimebre . Completar un formulario por materia adeudada y recurde que el mismo puede ser edidato en caso de haber presentado informaci\u00f3n erronea por su parte.<\/p>\n\n\n\n<p>Ante dudas o consultas puntuales sobre las materias que se tienen pendiente de acreditaci\u00f3n enviar un email a: comisionesevaluadoras@eetn1.edu.ar (tenga en cuenta que la escuela esta trabajando en forma remota y esto puede llevar m\u00e1s tiempo de lo esperado, en tal sentido sugerimos   hacer el esfuerzo por recordar las materias adeudadas)<\/p>\n\n\n\n<iframe loading=\"lazy\" src=\"https:\/\/docs.google.com\/forms\/d\/e\/1FAIpQLSfb4NPdVgpJdpJrqZlhLsUjXzw442HsK9zAaDixRmFMzmrpow\/viewform?embedded=true\" width=\"640\" height=\"1701\" frameborder=\"0\" marginheight=\"0\" marginwidth=\"0\">Cargando\u2026<\/iframe>\n","protected":false},"excerpt":{"rendered":"<p>Se informa que desde el mi\u00e9rcoles 2 de septiembre al lunes 7 de septiembre de 2020 se encuentra abierta la Inscripci\u00f3n a Comisiones Evaluadoras de estudiantes que hayan cursado la totalidad del nivel y adeuden materias.Se prev\u00e9 la posibilidad de tomar las mismas en formato virtual para lo cual el interesado deber\u00e1 contar con conectividad &hellip; <\/p>\n<p class=\"link-more\"><a href=\"https:\/\/eetn1.edu.ar\/?page_id=782\" class=\"more-link\">Continuar leyendo<span class=\"screen-reader-text\"> \u00abComisiones Evaluadoras (Septiembre)\u00bb<\/span><\/a><\/p>\n","protected":false},"author":1,"featured_media":0,"parent":0,"menu_order":0,"comment_status":"closed","ping_status":"closed","template":"","meta":{"om_disable_all_campaigns":false,"_monsterinsights_skip_tracking":false,"_monsterinsights_sitenote_active":false,"_monsterinsights_sitenote_note":"","_monsterinsights_sitenote_category":0,"footnotes":""},"class_list":["post-782","page","type-page","status-publish","hentry"],"aioseo_notices":[],"jetpack_sharing_enabled":true,"_links":{"self":[{"href":"https:\/\/eetn1.edu.ar\/index.php?rest_route=\/wp\/v2\/pages\/782","targetHints":{"allow":["GET"]}}],"collection":[{"href":"https:\/\/eetn1.edu.ar\/index.php?rest_route=\/wp\/v2\/pages"}],"about":[{"href":"https:\/\/eetn1.edu.ar\/index.php?rest_route=\/wp\/v2\/types\/page"}],"author":[{"embeddable":true,"href":"https:\/\/eetn1.edu.ar\/index.php?rest_route=\/wp\/v2\/users\/1"}],"replies":[{"embeddable":true,"href":"https:\/\/eetn1.edu.ar\/index.php?rest_route=%2Fwp%2Fv2%2Fcomments&post=782"}],"version-history":[{"count":3,"href":"https:\/\/eetn1.edu.ar\/index.php?rest_route=\/wp\/v2\/pages\/782\/revisions"}],"predecessor-version":[{"id":788,"href":"https:\/\/eetn1.edu.ar\/index.php?rest_route=\/wp\/v2\/pages\/782\/revisions\/788"}],"wp:attachment":[{"href":"https:\/\/eetn1.edu.ar\/index.php?rest_route=%2Fwp%2Fv2%2Fmedia&parent=782"}],"curies":[{"name":"wp","href":"https:\/\/api.w.org\/{rel}","templated":true}]}}