{"id":853,"date":"2020-10-14T09:53:37","date_gmt":"2020-10-14T12:53:37","guid":{"rendered":"http:\/\/eetn1.edu.ar\/?page_id=853"},"modified":"2020-11-25T13:53:58","modified_gmt":"2020-11-25T16:53:58","slug":"comisiones-evaluadoras-diciembre","status":"publish","type":"page","link":"https:\/\/eetn1.edu.ar\/?page_id=853","title":{"rendered":"COMISIONES EVALUADORAS (DICIEMBRE)"},"content":{"rendered":"\n<p>Se informa que desde el d\u00eda martes 24 al viernes 27 de noviembre de 2020 se encontrar\u00e1 abierta la inscripci\u00f3n para las comisiones evaluadoras de dicimebre (incluye previas, completa nivel, equivalencias) que se llevar\u00e1n a cabo durante el peridodo de dicimebre con fecha a confirmar .<br>Se prev\u00e9 la posibilidad de tomar las mismas en formato virtual para lo cual el interesado deber\u00e1 contar con conectividad en el d\u00eda y el horario fijado para la evaluaci\u00f3n. Completar el siguiente formulario de inscripci\u00f3n.<\/p>\n\n\n\n<p>Consultas: &nbsp;&nbsp;<a href=\"https:\/\/wa.me\/5492235248621\">https:\/\/wa.me\/5492235248621<\/a><\/p>\n\n\n\n<p>Ingreso al formulario directamente por <a href=\"https:\/\/forms.gle\/XiGEnr6cNN3VvfDY9\">aqu\u00ed<\/a><\/p>\n\n\n\n<p>Sino en l\u00ednea por aqu\u00ed: <\/p>\n\n\n\n<iframe loading=\"lazy\" src=\"https:\/\/docs.google.com\/forms\/d\/e\/1FAIpQLSdHpxWyuBplOorJAwv_lsFGVumkzaZRyzPg65s6gtUR9BXBRg\/viewform?embedded=true\" width=\"700\" height=\"520\" frameborder=\"0\" marginheight=\"0\" marginwidth=\"0\">Cargando\u2026<\/iframe>\n","protected":false},"excerpt":{"rendered":"<p>Se informa que desde el d\u00eda martes 24 al viernes 27 de noviembre de 2020 se encontrar\u00e1 abierta la inscripci\u00f3n para las comisiones evaluadoras de dicimebre (incluye previas, completa nivel, equivalencias) que se llevar\u00e1n a cabo durante el peridodo de dicimebre con fecha a confirmar .Se prev\u00e9 la posibilidad de tomar las mismas en formato &hellip; <\/p>\n<p class=\"link-more\"><a href=\"https:\/\/eetn1.edu.ar\/?page_id=853\" class=\"more-link\">Continuar leyendo<span class=\"screen-reader-text\"> \u00abCOMISIONES EVALUADORAS (DICIEMBRE)\u00bb<\/span><\/a><\/p>\n","protected":false},"author":1,"featured_media":0,"parent":0,"menu_order":0,"comment_status":"closed","ping_status":"closed","template":"","meta":{"om_disable_all_campaigns":false,"_monsterinsights_skip_tracking":false,"_monsterinsights_sitenote_active":false,"_monsterinsights_sitenote_note":"","_monsterinsights_sitenote_category":0,"footnotes":""},"class_list":["post-853","page","type-page","status-publish","hentry"],"aioseo_notices":[],"jetpack_sharing_enabled":true,"_links":{"self":[{"href":"https:\/\/eetn1.edu.ar\/index.php?rest_route=\/wp\/v2\/pages\/853","targetHints":{"allow":["GET"]}}],"collection":[{"href":"https:\/\/eetn1.edu.ar\/index.php?rest_route=\/wp\/v2\/pages"}],"about":[{"href":"https:\/\/eetn1.edu.ar\/index.php?rest_route=\/wp\/v2\/types\/page"}],"author":[{"embeddable":true,"href":"https:\/\/eetn1.edu.ar\/index.php?rest_route=\/wp\/v2\/users\/1"}],"replies":[{"embeddable":true,"href":"https:\/\/eetn1.edu.ar\/index.php?rest_route=%2Fwp%2Fv2%2Fcomments&post=853"}],"version-history":[{"count":4,"href":"https:\/\/eetn1.edu.ar\/index.php?rest_route=\/wp\/v2\/pages\/853\/revisions"}],"predecessor-version":[{"id":886,"href":"https:\/\/eetn1.edu.ar\/index.php?rest_route=\/wp\/v2\/pages\/853\/revisions\/886"}],"wp:attachment":[{"href":"https:\/\/eetn1.edu.ar\/index.php?rest_route=%2Fwp%2Fv2%2Fmedia&parent=853"}],"curies":[{"name":"wp","href":"https:\/\/api.w.org\/{rel}","templated":true}]}}