{"id":89,"date":"2019-09-07T14:56:19","date_gmt":"2019-09-07T17:56:19","guid":{"rendered":"http:\/\/eetn1.edu.ar\/?page_id=89"},"modified":"2021-02-08T11:03:20","modified_gmt":"2021-02-08T14:03:20","slug":"contacto","status":"publish","type":"page","link":"https:\/\/eetn1.edu.ar\/?page_id=89","title":{"rendered":"Contacto"},"content":{"rendered":"\n<p><strong>Escuela de Educaci\u00f3n Secundaria T\u00e9cnica N\u00b0 1 \u00abCte. Luis Piedrabuena\u00bb<\/strong><\/p>\n\n\n\n<p><strong>Domicilio postal: <\/strong><\/p>\n\n\n\n<p><strong>Direcci\u00f3n: 12 de Octubre 3384 (esquina Acha)<br>Mar del Plata C.P. 7600<br>Pcia. de Bs. As.<br>Argentina<br><br>Tel\u00e9fono:<\/strong><\/p>\n\n\n\n<p><strong>DDL: 480-3748<\/strong><\/p>\n\n\n\n<p><strong>DDN: 0223-480-3748<\/strong><\/p>\n\n\n\n<p><strong>DDI: 0054 223-480-3748<\/strong><\/p>\n\n\n\n<p><img loading=\"lazy\" decoding=\"async\" width=\"20\" height=\"19\" class=\"wp-image-463\" style=\"width: 20px;\" src=\"http:\/\/eetn1.edu.ar\/wp-content\/uploads\/2020\/03\/wapp.jpg\" alt=\"\" srcset=\"https:\/\/eetn1.edu.ar\/wp-content\/uploads\/2020\/03\/wapp.jpg 174w, https:\/\/eetn1.edu.ar\/wp-content\/uploads\/2020\/03\/wapp-150x150.jpg 150w, https:\/\/eetn1.edu.ar\/wp-content\/uploads\/2020\/03\/wapp-100x100.jpg 100w\" sizes=\"auto, (max-width: 20px) 100vw, 20px\" \/> 223 524-8621 (solo registros v\u00eda WhatsApp) no se responde llamadas.<\/p>\n\n\n\n<p><img loading=\"lazy\" decoding=\"async\" width=\"20\" height=\"20\" class=\"wp-image-593\" style=\"width: 20px;\" src=\"http:\/\/eetn1.edu.ar\/wp-content\/uploads\/2020\/04\/telegram.jpg\" alt=\"\" srcset=\"https:\/\/eetn1.edu.ar\/wp-content\/uploads\/2020\/04\/telegram.jpg 338w, https:\/\/eetn1.edu.ar\/wp-content\/uploads\/2020\/04\/telegram-300x298.jpg 300w, https:\/\/eetn1.edu.ar\/wp-content\/uploads\/2020\/04\/telegram-150x150.jpg 150w, https:\/\/eetn1.edu.ar\/wp-content\/uploads\/2020\/04\/telegram-100x100.jpg 100w\" sizes=\"auto, (max-width: 20px) 100vw, 20px\" \/> Telegram info. Padres, Madres y Alumnos  <a href=\"https:\/\/t.me\/s\/eest1\">https:\/\/t.me\/s\/eest1 <\/a><\/p>\n\n\n\n<p><img loading=\"lazy\" decoding=\"async\" width=\"20\" height=\"20\" class=\"wp-image-593\" style=\"width: 20px;\" src=\"http:\/\/eetn1.edu.ar\/wp-content\/uploads\/2020\/04\/telegram.jpg\" alt=\"\" srcset=\"https:\/\/eetn1.edu.ar\/wp-content\/uploads\/2020\/04\/telegram.jpg 338w, https:\/\/eetn1.edu.ar\/wp-content\/uploads\/2020\/04\/telegram-300x298.jpg 300w, https:\/\/eetn1.edu.ar\/wp-content\/uploads\/2020\/04\/telegram-150x150.jpg 150w, https:\/\/eetn1.edu.ar\/wp-content\/uploads\/2020\/04\/telegram-100x100.jpg 100w\" sizes=\"auto, (max-width: 20px) 100vw, 20px\" \/> Telegram info. Docentes    <a href=\"https:\/\/t.me\/s\/eestn1mdp\">https:\/\/t.me\/s\/eestn1mdp<\/a>  <strong><br><br>e-mail:&nbsp;<\/strong> tecnica1mdp@gmail.com <\/p>\n\n\n\n<p>e-mail (oficial): <\/p>\n\n\n\n<p><strong>Administrador t\u00e9cnico del sitio (webmaster):&nbsp;<\/strong><\/p>\n\n\n\n<iframe loading=\"lazy\" src=\"https:\/\/www.google.com\/maps\/embed?pb=!1m18!1m12!1m3!1d3142.1995745781337!2d-57.54945928506624!3d-38.04243585493495!2m3!1f0!2f0!3f0!3m2!1i1024!2i768!4f13.1!3m3!1m2!1s0x9584dddbf8a033bd%3A0xdbb4f05b7be06c0!2sEscuela%20de%20Educaci%C3%B3n%20Secundaria%20T%C3%A9cnica%20N%C2%B0%201%20-%20Comandante%20Luis%20Piedra%20Buena!5e0!3m2!1ses!2sar!4v1567983212738!5m2!1ses!2sar\" width=\"600\" height=\"450\" frameborder=\"0\" style=\"border:0;\" allowfullscreen=\"\"><\/iframe>\n\n\n\n<p><a href=\"http:\/\/gbooks3.melodysoft.com\/app?ID=eestn1&amp;do=sign\">Insertar noticias<\/a> (uso p\/directivos)<\/p>\n","protected":false},"excerpt":{"rendered":"<p>Escuela de Educaci\u00f3n Secundaria T\u00e9cnica N\u00b0 1 \u00abCte. Luis Piedrabuena\u00bb Domicilio postal: Direcci\u00f3n: 12 de Octubre 3384 (esquina Acha)Mar del Plata C.P. 7600Pcia. de Bs. As.Argentina Tel\u00e9fono: DDL: 480-3748 DDN: 0223-480-3748 DDI: 0054 223-480-3748 223 524-8621 (solo registros v\u00eda WhatsApp) no se responde llamadas. Telegram info. Padres, Madres y Alumnos https:\/\/t.me\/s\/eest1 Telegram info. Docentes https:\/\/t.me\/s\/eestn1mdp &hellip; <\/p>\n<p class=\"link-more\"><a href=\"https:\/\/eetn1.edu.ar\/?page_id=89\" class=\"more-link\">Continuar leyendo<span class=\"screen-reader-text\"> \u00abContacto\u00bb<\/span><\/a><\/p>\n","protected":false},"author":1,"featured_media":0,"parent":0,"menu_order":0,"comment_status":"closed","ping_status":"closed","template":"","meta":{"om_disable_all_campaigns":false,"_monsterinsights_skip_tracking":false,"_monsterinsights_sitenote_active":false,"_monsterinsights_sitenote_note":"","_monsterinsights_sitenote_category":0,"footnotes":""},"class_list":["post-89","page","type-page","status-publish","hentry"],"aioseo_notices":[],"jetpack_sharing_enabled":true,"_links":{"self":[{"href":"https:\/\/eetn1.edu.ar\/index.php?rest_route=\/wp\/v2\/pages\/89","targetHints":{"allow":["GET"]}}],"collection":[{"href":"https:\/\/eetn1.edu.ar\/index.php?rest_route=\/wp\/v2\/pages"}],"about":[{"href":"https:\/\/eetn1.edu.ar\/index.php?rest_route=\/wp\/v2\/types\/page"}],"author":[{"embeddable":true,"href":"https:\/\/eetn1.edu.ar\/index.php?rest_route=\/wp\/v2\/users\/1"}],"replies":[{"embeddable":true,"href":"https:\/\/eetn1.edu.ar\/index.php?rest_route=%2Fwp%2Fv2%2Fcomments&post=89"}],"version-history":[{"count":17,"href":"https:\/\/eetn1.edu.ar\/index.php?rest_route=\/wp\/v2\/pages\/89\/revisions"}],"predecessor-version":[{"id":933,"href":"https:\/\/eetn1.edu.ar\/index.php?rest_route=\/wp\/v2\/pages\/89\/revisions\/933"}],"wp:attachment":[{"href":"https:\/\/eetn1.edu.ar\/index.php?rest_route=%2Fwp%2Fv2%2Fmedia&parent=89"}],"curies":[{"name":"wp","href":"https:\/\/api.w.org\/{rel}","templated":true}]}}