{"id":948,"date":"2021-03-27T13:13:15","date_gmt":"2021-03-27T16:13:15","guid":{"rendered":"http:\/\/eetn1.edu.ar\/?page_id=948"},"modified":"2025-10-23T21:19:42","modified_gmt":"2025-10-24T00:19:42","slug":"formularios-docentes-alumnos","status":"publish","type":"page","link":"https:\/\/eetn1.edu.ar\/?page_id=948","title":{"rendered":"Formularios Docentes\/Estudiantes"},"content":{"rendered":"\n<p><a href=\"https:\/\/drive.google.com\/file\/d\/1iHmq5YOe2n0vhKlJEBCzPsjdYlEmqUQz\/view?usp=sharing\">AUTORIZACION PARA USO DE IMAGEN Menores<\/a><\/p>\n\n\n\n<p><a href=\"https:\/\/drive.google.com\/file\/d\/13VDEhS8C-5vx-z1Ljyyy82oR2xv_g_kX\/view?usp=sharing\">AUTORIZACION PARA USO DE IMAGEN Adultos<\/a><\/p>\n\n\n\n<p><a href=\"https:\/\/drive.google.com\/file\/d\/11qiMsFZXTBwivmpVq-LASf-aXiYA0HvP\/view\">DECLARACI\u00d3N JURADA DE SALUD Alumnos<\/a><\/p>\n\n\n\n<p>PLANILLA DE INSCRIPCI\u00d3N<a href=\"https:\/\/drive.google.com\/file\/d\/1sCMPDzql8yzKECAyAhenBa9fKDzvKl4-\/view?usp=sharing\"> <\/a> (Nuevo formato implementado para ingreso 2026 se adquiere en la escuela mediante cooperadora)<\/p>\n\n\n\n<p><a href=\"https:\/\/drive.google.com\/file\/d\/1e7MRtYJtTN_UBwV5IqMS-kA5jDEL9IQh\/view?usp=sharing\">PLANILLA DE SALUD EDUCACI\u00d3N F\u00cdSCA <\/a><\/p>\n\n\n\n<p><a href=\"https:\/\/drive.google.com\/file\/d\/12i2H6hEFnXmZTBO1HEQ32nL1eh6kR2dY\/view\">DECLACI\u00d3N JURADA DE CARGOS, HORAS Y ACTIVIDADES DOCENTES<\/a> (<\/p>\n\n\n\n<p><a href=\"https:\/\/drive.google.com\/file\/d\/1R-pptBlZBZZ5t3xIf04lStd3VKgYgKGO\/view?usp=sharing\">DECLARACI\u00d2N JURADA DE SALUD PARA DOCENTES INGRESANTES <\/a><\/p>\n\n\n\n<p><a href=\"https:\/\/drive.google.com\/file\/d\/1mNPAxIfmtBvQ5adyv-AUjs1a1l1_KlLe\/view?usp=sharing\">FORMULARIO 354 (ANTIG\u00dcEDAD DOCENTE)<\/a><\/p>\n\n\n\n<p class=\"has-luminous-vivid-amber-color has-vivid-red-background-color has-text-color has-background has-link-color wp-elements-0566d9d6cd9201655af77d9e82c1984d\"><a href=\"https:\/\/drive.google.com\/drive\/folders\/1ztNesVP9-Q-EXIzuGOsQT9s_yq3FYr9g?usp=drive_link\">FORMULARIO \/ANEXOS PARA SALIDAS EDUCATIVAS (NUEVOS ANEXOS A PARTIR DEL 9\/10\/2024<\/a>)<\/p>\n\n\n\n<p><a href=\"https:\/\/drive.google.com\/drive\/folders\/1ABkehzYQmqI-aw5ZjYeih6U0AKlkb_mz?usp=sharing\">FORM. SET 4 PARA CALIFICACI\u00d3N ANUAL DOCENTE<\/a><\/p>\n\n\n\n<p><a href=\"https:\/\/drive.google.com\/file\/d\/16S6n2ZE1nxlzJFLxDgTe4D5AAFia1zMK\/view?usp=drive_link\">AUTORIZACI\u00d3N GENERAL PARA ACTIVIDADES DURANTE EL CICLO LECTIVO (Anexo 3)<\/a><\/p>\n","protected":false},"excerpt":{"rendered":"<p>AUTORIZACION PARA USO DE IMAGEN Menores AUTORIZACION PARA USO DE IMAGEN Adultos DECLARACI\u00d3N JURADA DE SALUD Alumnos PLANILLA DE INSCRIPCI\u00d3N (Nuevo formato implementado para ingreso 2026 se adquiere en la escuela mediante cooperadora) PLANILLA DE SALUD EDUCACI\u00d3N F\u00cdSCA DECLACI\u00d3N JURADA DE CARGOS, HORAS Y ACTIVIDADES DOCENTES ( DECLARACI\u00d2N JURADA DE SALUD PARA DOCENTES INGRESANTES FORMULARIO &hellip; <\/p>\n<p class=\"link-more\"><a href=\"https:\/\/eetn1.edu.ar\/?page_id=948\" class=\"more-link\">Continuar leyendo<span class=\"screen-reader-text\"> \u00abFormularios Docentes\/Estudiantes\u00bb<\/span><\/a><\/p>\n","protected":false},"author":1,"featured_media":0,"parent":0,"menu_order":0,"comment_status":"closed","ping_status":"closed","template":"","meta":{"om_disable_all_campaigns":false,"_monsterinsights_skip_tracking":false,"_monsterinsights_sitenote_active":false,"_monsterinsights_sitenote_note":"","_monsterinsights_sitenote_category":0,"footnotes":""},"class_list":["post-948","page","type-page","status-publish","hentry"],"aioseo_notices":[],"jetpack_sharing_enabled":true,"_links":{"self":[{"href":"https:\/\/eetn1.edu.ar\/index.php?rest_route=\/wp\/v2\/pages\/948","targetHints":{"allow":["GET"]}}],"collection":[{"href":"https:\/\/eetn1.edu.ar\/index.php?rest_route=\/wp\/v2\/pages"}],"about":[{"href":"https:\/\/eetn1.edu.ar\/index.php?rest_route=\/wp\/v2\/types\/page"}],"author":[{"embeddable":true,"href":"https:\/\/eetn1.edu.ar\/index.php?rest_route=\/wp\/v2\/users\/1"}],"replies":[{"embeddable":true,"href":"https:\/\/eetn1.edu.ar\/index.php?rest_route=%2Fwp%2Fv2%2Fcomments&post=948"}],"version-history":[{"count":13,"href":"https:\/\/eetn1.edu.ar\/index.php?rest_route=\/wp\/v2\/pages\/948\/revisions"}],"predecessor-version":[{"id":2120,"href":"https:\/\/eetn1.edu.ar\/index.php?rest_route=\/wp\/v2\/pages\/948\/revisions\/2120"}],"wp:attachment":[{"href":"https:\/\/eetn1.edu.ar\/index.php?rest_route=%2Fwp%2Fv2%2Fmedia&parent=948"}],"curies":[{"name":"wp","href":"https:\/\/api.w.org\/{rel}","templated":true}]}}